{"id":571,"date":"2025-07-08T12:56:24","date_gmt":"2025-07-08T10:56:24","guid":{"rendered":"https:\/\/revisionsmediquesilerda.com\/renovacion-carne-de-conducir\/"},"modified":"2025-09-26T11:43:50","modified_gmt":"2025-09-26T09:43:50","slug":"renovacion-carne-de-conducir","status":"publish","type":"page","link":"https:\/\/revisionsmediquesilerda.com\/es\/renovacion-carne-de-conducir\/","title":{"rendered":"Renovaci\u00f3n carnet de conducir"},"content":{"rendered":"<p><img fetchpriority=\"high\" decoding=\"async\" src=\"https:\/\/revisionsmediquesilerda.com\/wp-content\/uploads\/2025\/07\/conduccio.svg\" alt=\"\" width=\"800\" height=\"800\" title=\"\"><\/p>\n<p>En Ilerda Revisiones M\u00e9dicas realizamos las pruebas m\u00e9dicas y psicof\u00edsicas para obtener o renovar el permiso de conducir. Nos encargamos de la foto y gesti\u00f3n con la DGT.<br data-start=\"247\" data-end=\"250\" \/><strong data-start=\"250\" data-end=\"286\">\u00a1Sin necesidad de cita previa!<\/strong><\/p>\n<h2>Obtenci\u00f3n del permiso de conducir<\/h2>\n<p>Para realizar el certificado m\u00e9dico para obtener el permiso de conducir,<strong> s\u00f3lo tienes que llevar el DNI.<\/strong> En Ilerda Revisiones M\u00e9dicas nos encargamos de hacerte la revisi\u00f3n m\u00e9dica y la fotograf\u00eda necesaria para presentar en la autoescuela o en la Direcci\u00f3n General de Tr\u00e1fico (DGT).<\/p>\n<p>Atendemos sin cita previa<\/p>\n<h2>Renovaci\u00f3n del permiso de conducir<\/h2>\n<p>Para renovar cualquier tipo de permiso (AM, A1, A2, A, B, C, D, etc.), s\u00f3lo es necesario presentar el DNI y el permiso actual. No hace falta llevar fotograf\u00eda: la hacemos gratuitamente con c\u00e1mara web de alta definici\u00f3n.<\/p>\n<p>Una vez hecho el reconocimiento, no es necesario ir a Tr\u00e1fico. Nos encargamos de todo el tr\u00e1mite de renovaci\u00f3n, de forma gratuita y como centro autorizado por la DGT.<\/p>\n<p>Te entregaremos un permiso provisional. El carnet definitivo te llegar\u00e1 por correo al domicilio en un plazo de 30 a 90 d\u00edas aproximadamente, emitido por la F\u00e1brica Nacional de Moneda y Timbre.<\/p>\n<p>Atendemos sin cita previa<\/p>\n<p>Aparcamiento gratuito en el Camp d&#8217;Esports <a href=\"https:\/\/maps.app.goo.gl\/y6fuxYrKCc3df3GH6\" target=\"_blank\" rel=\"noopener\"><br \/>\nC\u00f3mo llegar<br \/>\n<\/a><\/p>\n","protected":false},"excerpt":{"rendered":"<p>En Ilerda Revisiones M\u00e9dicas realizamos las pruebas m\u00e9dicas y psicof\u00edsicas para obtener o renovar el permiso de conducir. Nos encargamos de la foto y gesti\u00f3n con la DGT.\u00a1Sin necesidad de cita previa! Obtenci\u00f3n del permiso de conducir Para realizar el certificado m\u00e9dico para obtener el permiso de conducir, s\u00f3lo tienes que llevar el DNI. En [&hellip;]<\/p>\n","protected":false},"author":1,"featured_media":0,"parent":0,"menu_order":0,"comment_status":"closed","ping_status":"closed","template":"","meta":{"inline_featured_image":false,"footnotes":""},"class_list":["post-571","page","type-page","status-publish","hentry"],"_links":{"self":[{"href":"https:\/\/revisionsmediquesilerda.com\/es\/wp-json\/wp\/v2\/pages\/571","targetHints":{"allow":["GET"]}}],"collection":[{"href":"https:\/\/revisionsmediquesilerda.com\/es\/wp-json\/wp\/v2\/pages"}],"about":[{"href":"https:\/\/revisionsmediquesilerda.com\/es\/wp-json\/wp\/v2\/types\/page"}],"author":[{"embeddable":true,"href":"https:\/\/revisionsmediquesilerda.com\/es\/wp-json\/wp\/v2\/users\/1"}],"replies":[{"embeddable":true,"href":"https:\/\/revisionsmediquesilerda.com\/es\/wp-json\/wp\/v2\/comments?post=571"}],"version-history":[{"count":9,"href":"https:\/\/revisionsmediquesilerda.com\/es\/wp-json\/wp\/v2\/pages\/571\/revisions"}],"predecessor-version":[{"id":813,"href":"https:\/\/revisionsmediquesilerda.com\/es\/wp-json\/wp\/v2\/pages\/571\/revisions\/813"}],"wp:attachment":[{"href":"https:\/\/revisionsmediquesilerda.com\/es\/wp-json\/wp\/v2\/media?parent=571"}],"curies":[{"name":"wp","href":"https:\/\/api.w.org\/{rel}","templated":true}]}}