{"id":567,"date":"2025-07-08T13:26:05","date_gmt":"2025-07-08T11:26:05","guid":{"rendered":"https:\/\/revisionsmediquesilerda.com\/renovacion-licencia-de-armas\/"},"modified":"2025-09-26T13:04:49","modified_gmt":"2025-09-26T11:04:49","slug":"renovacion-licencia-de-armas","status":"publish","type":"page","link":"https:\/\/revisionsmediquesilerda.com\/es\/renovacion-licencia-de-armas\/","title":{"rendered":"Renovaci\u00f3n licencia de armas"},"content":{"rendered":"\t\t<div data-elementor-type=\"wp-page\" data-elementor-id=\"567\" class=\"elementor elementor-567 elementor-342\" data-elementor-post-type=\"page\">\n\t\t\t\t<div class=\"elementor-element elementor-element-005993e e-flex e-con-boxed e-con e-parent\" data-id=\"005993e\" data-element_type=\"container\">\n\t\t\t\t\t<div class=\"e-con-inner\">\n\t\t<div class=\"elementor-element elementor-element-426c00e e-con-full e-flex e-con e-child\" data-id=\"426c00e\" data-element_type=\"container\">\n\t\t\t\t<div class=\"elementor-element elementor-element-af4025d elementor-widget elementor-widget-image\" data-id=\"af4025d\" data-element_type=\"widget\" data-widget_type=\"image.default\">\n\t\t\t\t\t\t\t\t\t\t\t\t\t\t\t<img fetchpriority=\"high\" decoding=\"async\" width=\"800\" height=\"800\" src=\"https:\/\/revisionsmediquesilerda.com\/wp-content\/uploads\/2025\/07\/Recurso-3.svg\" class=\"attachment-large size-large wp-image-528\" alt=\"\" title=\"\">\t\t\t\t\t\t\t\t\t\t\t\t\t\t\t<\/div>\n\t\t\t\t<\/div>\n\t\t<div class=\"elementor-element elementor-element-4b375b4 e-con-full e-flex e-con e-child\" data-id=\"4b375b4\" data-element_type=\"container\">\n\t\t\t\t<div class=\"elementor-element elementor-element-7290972 elementor-widget elementor-widget-heading\" data-id=\"7290972\" data-element_type=\"widget\" data-widget_type=\"heading.default\">\n\t\t\t\t\t<h1 class=\"elementor-heading-title elementor-size-default\">Renovaci\u00f3n licencia de armas<\/h1>\t\t\t\t<\/div>\n\t\t\t\t<div class=\"elementor-element elementor-element-64d67ab elementor-widget__width-inherit elementor-widget elementor-widget-text-editor\" data-id=\"64d67ab\" data-element_type=\"widget\" data-widget_type=\"text-editor.default\">\n\t\t\t\t\t\t\t\t\t<p>En Ilerda Revisions M\u00e8diques realizamos las pruebas psicot\u00e9cnicas para obtener o renovar la licencia de armas. Te ofrecemos un servicio riguroso, \u00e1gil y completo, cumpliendo todos los requisitos legales y de seguridad. <br data-start=\"247\" data-end=\"250\"><strong data-start=\"250\" data-end=\"286\">\u00a1Sin necesidad de cita previa!<\/strong><\/p>\t\t\t\t\t\t\t\t<\/div>\n\t\t\t\t<\/div>\n\t\t\t\t\t<\/div>\n\t\t\t\t<\/div>\n\t\t<div class=\"elementor-element elementor-element-d1b1599 e-flex e-con-boxed e-con e-parent\" data-id=\"d1b1599\" data-element_type=\"container\">\n\t\t\t\t\t<div class=\"e-con-inner\">\n\t\t<div class=\"elementor-element elementor-element-4f208af e-con-full e-flex e-con e-child\" data-id=\"4f208af\" data-element_type=\"container\" data-settings=\"{&quot;background_background&quot;:&quot;classic&quot;}\">\n\t\t<div class=\"elementor-element elementor-element-b646043 e-con-full e-flex e-con e-child\" data-id=\"b646043\" data-element_type=\"container\">\n\t\t\t\t<div class=\"elementor-element elementor-element-7e6c810 elementor-widget elementor-widget-text-editor\" data-id=\"7e6c810\" data-element_type=\"widget\" data-widget_type=\"text-editor.default\">\n\t\t\t\t\t\t\t\t\t<h2>Obtenci\u00f3n o renovaci\u00f3n de la licencia de armas<\/h2><p>Para realizar el certificado m\u00e9dico para obtener o renovar la licencia de armas, es necesario llevar el DNI.<\/p><p>En nuestro centro te realizaremos las pruebas psicof\u00edsicas necesarias y te entregaremos en el momento el informe para presentar a la Intervenci\u00f3n de Armas de la Guardia Civil.<\/p>\t\t\t\t\t\t\t\t<\/div>\n\t\t\t\t<div class=\"elementor-element elementor-element-1c25607 animated-slow elementor-invisible elementor-widget elementor-widget-heading\" data-id=\"1c25607\" data-element_type=\"widget\" data-settings=\"{&quot;_animation&quot;:&quot;fadeIn&quot;}\" data-widget_type=\"heading.default\">\n\t\t\t\t\t<span class=\"elementor-heading-title elementor-size-default\">Atendemos sin cita previa<\/span>\t\t\t\t<\/div>\n\t\t\t\t<\/div>\n\t\t\t\t<\/div>\n\t\t\t\t\t<\/div>\n\t\t\t\t<\/div>\n\t\t<div class=\"elementor-element elementor-element-1a38a2f e-flex e-con-boxed e-con e-parent\" data-id=\"1a38a2f\" data-element_type=\"container\" data-settings=\"{&quot;background_background&quot;:&quot;classic&quot;}\">\n\t\t\t\t\t<div class=\"e-con-inner\">\n\t\t\t\t<div class=\"elementor-element elementor-element-4af7302 animated-slow elementor-view-default elementor-invisible elementor-widget elementor-widget-icon\" data-id=\"4af7302\" data-element_type=\"widget\" data-settings=\"{&quot;_animation&quot;:&quot;fadeIn&quot;}\" data-widget_type=\"icon.default\">\n\t\t\t\t\t\t\t<div class=\"elementor-icon-wrapper\">\n\t\t\t<div class=\"elementor-icon\">\n\t\t\t<svg aria-hidden=\"true\" class=\"e-font-icon-svg e-fas-parking\" viewBox=\"0 0 448 512\" xmlns=\"http:\/\/www.w3.org\/2000\/svg\"><path d=\"M400 32H48C21.5 32 0 53.5 0 80v352c0 26.5 21.5 48 48 48h352c26.5 0 48-21.5 48-48V80c0-26.5-21.5-48-48-48zM240 320h-48v48c0 8.8-7.2 16-16 16h-32c-8.8 0-16-7.2-16-16V144c0-8.8 7.2-16 16-16h96c52.9 0 96 43.1 96 96s-43.1 96-96 96zm0-128h-48v64h48c17.6 0 32-14.4 32-32s-14.4-32-32-32z\"><\/path><\/svg>\t\t\t<\/div>\n\t\t<\/div>\n\t\t\t\t\t\t<\/div>\n\t\t\t\t<div class=\"elementor-element elementor-element-73e23e4 animated-slow elementor-invisible elementor-widget elementor-widget-heading\" data-id=\"73e23e4\" data-element_type=\"widget\" data-settings=\"{&quot;_animation&quot;:&quot;fadeIn&quot;}\" data-widget_type=\"heading.default\">\n\t\t\t\t\t<span class=\"elementor-heading-title elementor-size-default\">Aparcamiento gratuito<\/span>\t\t\t\t<\/div>\n\t\t\t\t<div class=\"elementor-element elementor-element-a01dc73 animated-slow elementor-invisible elementor-widget elementor-widget-heading\" data-id=\"a01dc73\" data-element_type=\"widget\" data-settings=\"{&quot;_animation&quot;:&quot;fadeIn&quot;}\" data-widget_type=\"heading.default\">\n\t\t\t\t\t<span class=\"elementor-heading-title elementor-size-default\">en el Camp d'Esports<\/span>\t\t\t\t<\/div>\n\t\t\t\t<div class=\"elementor-element elementor-element-10e5d18 animated-slow elementor-invisible elementor-widget elementor-widget-button\" data-id=\"10e5d18\" data-element_type=\"widget\" data-settings=\"{&quot;_animation&quot;:&quot;fadeIn&quot;}\" data-widget_type=\"button.default\">\n\t\t\t\t\t\t\t\t\t\t<a class=\"elementor-button elementor-button-link elementor-size-sm\" href=\"https:\/\/maps.app.goo.gl\/y6fuxYrKCc3df3GH6\" target=\"_blank\" rel=\"noopener\">\n\t\t\t\t\t\t<span class=\"elementor-button-content-wrapper\">\n\t\t\t\t\t\t\t\t\t<span class=\"elementor-button-text\">C\u00f3mo llegar<\/span>\n\t\t\t\t\t<\/span>\n\t\t\t\t\t<\/a>\n\t\t\t\t\t\t\t\t<\/div>\n\t\t\t\t\t<\/div>\n\t\t\t\t<\/div>\n\t\t\t\t<\/div>\n\t\t","protected":false},"excerpt":{"rendered":"<p>En Ilerda Revisions M\u00e8diques realizamos las pruebas psicot\u00e9cnicas para obtener o renovar la licencia de armas. Te ofrecemos un servicio riguroso, \u00e1gil y completo, cumpliendo todos los requisitos legales y de seguridad. \u00a1Sin necesidad de cita previa! Obtenci\u00f3n o renovaci\u00f3n de la licencia de armas Para realizar el certificado m\u00e9dico para obtener o renovar la [&hellip;]<\/p>\n","protected":false},"author":1,"featured_media":0,"parent":0,"menu_order":0,"comment_status":"closed","ping_status":"closed","template":"","meta":{"inline_featured_image":false,"footnotes":""},"class_list":["post-567","page","type-page","status-publish","hentry"],"_links":{"self":[{"href":"https:\/\/revisionsmediquesilerda.com\/es\/wp-json\/wp\/v2\/pages\/567","targetHints":{"allow":["GET"]}}],"collection":[{"href":"https:\/\/revisionsmediquesilerda.com\/es\/wp-json\/wp\/v2\/pages"}],"about":[{"href":"https:\/\/revisionsmediquesilerda.com\/es\/wp-json\/wp\/v2\/types\/page"}],"author":[{"embeddable":true,"href":"https:\/\/revisionsmediquesilerda.com\/es\/wp-json\/wp\/v2\/users\/1"}],"replies":[{"embeddable":true,"href":"https:\/\/revisionsmediquesilerda.com\/es\/wp-json\/wp\/v2\/comments?post=567"}],"version-history":[{"count":7,"href":"https:\/\/revisionsmediquesilerda.com\/es\/wp-json\/wp\/v2\/pages\/567\/revisions"}],"predecessor-version":[{"id":857,"href":"https:\/\/revisionsmediquesilerda.com\/es\/wp-json\/wp\/v2\/pages\/567\/revisions\/857"}],"wp:attachment":[{"href":"https:\/\/revisionsmediquesilerda.com\/es\/wp-json\/wp\/v2\/media?parent=567"}],"curies":[{"name":"wp","href":"https:\/\/api.w.org\/{rel}","templated":true}]}}