{"id":555,"date":"2025-07-08T16:26:49","date_gmt":"2025-07-08T14:26:49","guid":{"rendered":"https:\/\/revisionsmediquesilerda.com\/certificado-por-seguridad-privada\/"},"modified":"2025-09-26T12:58:37","modified_gmt":"2025-09-26T10:58:37","slug":"certificado-por-seguridad-privada","status":"publish","type":"page","link":"https:\/\/revisionsmediquesilerda.com\/es\/certificado-por-seguridad-privada\/","title":{"rendered":"Certificado por seguridad privada"},"content":{"rendered":"<p><img fetchpriority=\"high\" decoding=\"async\" src=\"https:\/\/revisionsmediquesilerda.com\/wp-content\/uploads\/2025\/07\/Recurso-6.svg\" alt=\"\" width=\"800\" height=\"800\" title=\"\"><\/p>\n<p>En lerda Revisiones M\u00e9dicas hacemos el reconocimiento m\u00e9dico y psicof\u00edsico necesario para trabajar como vigilante de seguridad. Te entregamos el informe de aptitud para acreditar que cumples con los requisitos profesionales exigidos. <\/p>\n<h2>Reconocimiento m\u00e9dico para vigilantes de seguridad privada<\/h2>\n<p>En Ilerda Revisiones M\u00e9dicas realizamos las pruebas m\u00e9dicas necesarias per acreditar que cumples con las condiciones psicof\u00edsicas requeridas per exercer como vigilante de seguridad.<\/p>\n<p>Con nuestra evaluaci\u00f3n obtendr\u00e1s el informe que certifica tu aptitud para desarrollar funciones profesionales en el \u00e1mbito de la seguridad privada.<\/p>\n<p>Atendemos sin cita previa<\/p>\n<p>Aparcamiento gratuito en el Camp d&#8217;Esports <a href=\"https:\/\/maps.app.goo.gl\/y6fuxYrKCc3df3GH6\" target=\"_blank\" rel=\"noopener\"><br \/>\nCom arribar<br \/>\n<\/a><\/p>\n","protected":false},"excerpt":{"rendered":"<p>En lerda Revisiones M\u00e9dicas hacemos el reconocimiento m\u00e9dico y psicof\u00edsico necesario para trabajar como vigilante de seguridad. Te entregamos el informe de aptitud para acreditar que cumples con los requisitos profesionales exigidos. Reconocimiento m\u00e9dico para vigilantes de seguridad privada En Ilerda Revisiones M\u00e9dicas realizamos las pruebas m\u00e9dicas necesarias per acreditar que cumples con las condiciones [&hellip;]<\/p>\n","protected":false},"author":1,"featured_media":0,"parent":0,"menu_order":0,"comment_status":"closed","ping_status":"closed","template":"","meta":{"inline_featured_image":false,"footnotes":""},"class_list":["post-555","page","type-page","status-publish","hentry"],"_links":{"self":[{"href":"https:\/\/revisionsmediquesilerda.com\/es\/wp-json\/wp\/v2\/pages\/555","targetHints":{"allow":["GET"]}}],"collection":[{"href":"https:\/\/revisionsmediquesilerda.com\/es\/wp-json\/wp\/v2\/pages"}],"about":[{"href":"https:\/\/revisionsmediquesilerda.com\/es\/wp-json\/wp\/v2\/types\/page"}],"author":[{"embeddable":true,"href":"https:\/\/revisionsmediquesilerda.com\/es\/wp-json\/wp\/v2\/users\/1"}],"replies":[{"embeddable":true,"href":"https:\/\/revisionsmediquesilerda.com\/es\/wp-json\/wp\/v2\/comments?post=555"}],"version-history":[{"count":5,"href":"https:\/\/revisionsmediquesilerda.com\/es\/wp-json\/wp\/v2\/pages\/555\/revisions"}],"predecessor-version":[{"id":851,"href":"https:\/\/revisionsmediquesilerda.com\/es\/wp-json\/wp\/v2\/pages\/555\/revisions\/851"}],"wp:attachment":[{"href":"https:\/\/revisionsmediquesilerda.com\/es\/wp-json\/wp\/v2\/media?parent=555"}],"curies":[{"name":"wp","href":"https:\/\/api.w.org\/{rel}","templated":true}]}}