{"id":553,"date":"2025-07-08T16:31:56","date_gmt":"2025-07-08T14:31:56","guid":{"rendered":"https:\/\/revisionsmediquesilerda.com\/permiso-de-operario-de-gruas\/"},"modified":"2025-09-26T12:41:13","modified_gmt":"2025-09-26T10:41:13","slug":"permiso-de-operario-de-gruas","status":"publish","type":"page","link":"https:\/\/revisionsmediquesilerda.com\/es\/permiso-de-operario-de-gruas\/","title":{"rendered":"Permiso de operario de gr\u00faas"},"content":{"rendered":"\t\t<div data-elementor-type=\"wp-page\" data-elementor-id=\"553\" class=\"elementor elementor-553 elementor-434\" data-elementor-post-type=\"page\">\n\t\t\t\t<div class=\"elementor-element elementor-element-133001b e-flex e-con-boxed e-con e-parent\" data-id=\"133001b\" data-element_type=\"container\">\n\t\t\t\t\t<div class=\"e-con-inner\">\n\t\t<div class=\"elementor-element elementor-element-ca3eff0 e-con-full e-flex e-con e-child\" data-id=\"ca3eff0\" data-element_type=\"container\">\n\t\t\t\t<div class=\"elementor-element elementor-element-543fff1 elementor-widget elementor-widget-image\" data-id=\"543fff1\" data-element_type=\"widget\" data-widget_type=\"image.default\">\n\t\t\t\t\t\t\t\t\t\t\t\t\t\t\t<img fetchpriority=\"high\" decoding=\"async\" width=\"800\" height=\"800\" src=\"https:\/\/revisionsmediquesilerda.com\/wp-content\/uploads\/2025\/07\/Recurso-2.svg\" class=\"attachment-large size-large wp-image-527\" alt=\"\" title=\"\">\t\t\t\t\t\t\t\t\t\t\t\t\t\t\t<\/div>\n\t\t\t\t<\/div>\n\t\t<div class=\"elementor-element elementor-element-7ad25fc e-con-full e-flex e-con e-child\" data-id=\"7ad25fc\" data-element_type=\"container\">\n\t\t\t\t<div class=\"elementor-element elementor-element-97186f7 elementor-widget elementor-widget-heading\" data-id=\"97186f7\" data-element_type=\"widget\" data-widget_type=\"heading.default\">\n\t\t\t\t\t<h1 class=\"elementor-heading-title elementor-size-default\">Permiso de operario de gr\u00faas<\/h1>\t\t\t\t<\/div>\n\t\t\t\t<div class=\"elementor-element elementor-element-71d01d3 elementor-widget__width-inherit elementor-widget elementor-widget-text-editor\" data-id=\"71d01d3\" data-element_type=\"widget\" data-widget_type=\"text-editor.default\">\n\t\t\t\t\t\t\t\t\t<p>En Ilerda Revisiones M\u00e9dicas hacemos el reconocimineto m\u00e9dico y psicof\u00edsico para obtener o renovar el permiso de operador de grua torre o movil. Servicio \u00e1gil y profesional, cumpliendo con los requisitos legales y de seguridad <\/p>\t\t\t\t\t\t\t\t<\/div>\n\t\t\t\t<\/div>\n\t\t\t\t\t<\/div>\n\t\t\t\t<\/div>\n\t\t<div class=\"elementor-element elementor-element-0ea30f5 e-flex e-con-boxed e-con e-parent\" data-id=\"0ea30f5\" data-element_type=\"container\">\n\t\t\t\t\t<div class=\"e-con-inner\">\n\t\t<div class=\"elementor-element elementor-element-69c3093 e-con-full e-flex e-con e-child\" data-id=\"69c3093\" data-element_type=\"container\" data-settings=\"{&quot;background_background&quot;:&quot;classic&quot;}\">\n\t\t<div class=\"elementor-element elementor-element-38158ab e-con-full e-flex e-con e-child\" data-id=\"38158ab\" data-element_type=\"container\">\n\t\t\t\t<div class=\"elementor-element elementor-element-c207812 elementor-widget elementor-widget-text-editor\" data-id=\"c207812\" data-element_type=\"widget\" data-widget_type=\"text-editor.default\">\n\t\t\t\t\t\t\t\t\t<h2>Reconocimiento m\u00e9dico para operadores de gr\u00faa torre y gr\u00faa m\u00f3vil<\/h2><p>EN Ilerda Revisiones M\u00e8dicas somos especialistas en las pruebas psicof\u00edsicas requeridas para obtener o renovar el permiso de operador de gruas torre y movil.<\/p><p>Como centro de referencia en evaluaciones m\u00e9dicas para permisos profesionales, ofrecemos un servicio riguroso, eficiente y ajustado a la normativa vigente en materia de seguridad laboral.<\/p><p>Nuestro equipo m\u00e9dico te acompa\u00f1a durante todo el proceso, realizando la exploraci\u00f3n m\u00e9dica y psicof\u00edsica con equipamiento avanzado, para que puedas gestionar tu permiso de forma \u00e1gil y con total confianza.<\/p>\t\t\t\t\t\t\t\t<\/div>\n\t\t\t\t<div class=\"elementor-element elementor-element-013029c animated-slow elementor-invisible elementor-widget elementor-widget-heading\" data-id=\"013029c\" data-element_type=\"widget\" data-settings=\"{&quot;_animation&quot;:&quot;fadeIn&quot;}\" data-widget_type=\"heading.default\">\n\t\t\t\t\t<span class=\"elementor-heading-title elementor-size-default\">Atendemos sin cita previa<\/span>\t\t\t\t<\/div>\n\t\t\t\t<\/div>\n\t\t\t\t<\/div>\n\t\t\t\t\t<\/div>\n\t\t\t\t<\/div>\n\t\t<div class=\"elementor-element elementor-element-c335b63 e-flex e-con-boxed e-con e-parent\" data-id=\"c335b63\" data-element_type=\"container\" data-settings=\"{&quot;background_background&quot;:&quot;classic&quot;}\">\n\t\t\t\t\t<div class=\"e-con-inner\">\n\t\t\t\t<div class=\"elementor-element elementor-element-e5fa072 animated-slow elementor-view-default elementor-invisible elementor-widget elementor-widget-icon\" data-id=\"e5fa072\" data-element_type=\"widget\" data-settings=\"{&quot;_animation&quot;:&quot;fadeIn&quot;}\" data-widget_type=\"icon.default\">\n\t\t\t\t\t\t\t<div class=\"elementor-icon-wrapper\">\n\t\t\t<div class=\"elementor-icon\">\n\t\t\t<svg aria-hidden=\"true\" class=\"e-font-icon-svg e-fas-parking\" viewBox=\"0 0 448 512\" xmlns=\"http:\/\/www.w3.org\/2000\/svg\"><path d=\"M400 32H48C21.5 32 0 53.5 0 80v352c0 26.5 21.5 48 48 48h352c26.5 0 48-21.5 48-48V80c0-26.5-21.5-48-48-48zM240 320h-48v48c0 8.8-7.2 16-16 16h-32c-8.8 0-16-7.2-16-16V144c0-8.8 7.2-16 16-16h96c52.9 0 96 43.1 96 96s-43.1 96-96 96zm0-128h-48v64h48c17.6 0 32-14.4 32-32s-14.4-32-32-32z\"><\/path><\/svg>\t\t\t<\/div>\n\t\t<\/div>\n\t\t\t\t\t\t<\/div>\n\t\t\t\t<div class=\"elementor-element elementor-element-e35b018 animated-slow elementor-invisible elementor-widget elementor-widget-heading\" data-id=\"e35b018\" data-element_type=\"widget\" data-settings=\"{&quot;_animation&quot;:&quot;fadeIn&quot;}\" data-widget_type=\"heading.default\">\n\t\t\t\t\t<span class=\"elementor-heading-title elementor-size-default\">Aparcamiento gratuito<\/span>\t\t\t\t<\/div>\n\t\t\t\t<div class=\"elementor-element elementor-element-c0d74b8 animated-slow elementor-invisible elementor-widget elementor-widget-heading\" data-id=\"c0d74b8\" data-element_type=\"widget\" data-settings=\"{&quot;_animation&quot;:&quot;fadeIn&quot;}\" data-widget_type=\"heading.default\">\n\t\t\t\t\t<span class=\"elementor-heading-title elementor-size-default\">en el Camp d'Esports<\/span>\t\t\t\t<\/div>\n\t\t\t\t<div class=\"elementor-element elementor-element-9bf0a37 animated-slow elementor-invisible elementor-widget elementor-widget-button\" data-id=\"9bf0a37\" data-element_type=\"widget\" data-settings=\"{&quot;_animation&quot;:&quot;fadeIn&quot;}\" data-widget_type=\"button.default\">\n\t\t\t\t\t\t\t\t\t\t<a class=\"elementor-button elementor-button-link elementor-size-sm\" href=\"https:\/\/maps.app.goo.gl\/y6fuxYrKCc3df3GH6\" target=\"_blank\" rel=\"noopener\">\n\t\t\t\t\t\t<span class=\"elementor-button-content-wrapper\">\n\t\t\t\t\t\t\t\t\t<span class=\"elementor-button-text\">C\u00f3mo llegar<\/span>\n\t\t\t\t\t<\/span>\n\t\t\t\t\t<\/a>\n\t\t\t\t\t\t\t\t<\/div>\n\t\t\t\t\t<\/div>\n\t\t\t\t<\/div>\n\t\t\t\t<\/div>\n\t\t","protected":false},"excerpt":{"rendered":"<p>En Ilerda Revisiones M\u00e9dicas hacemos el reconocimineto m\u00e9dico y psicof\u00edsico para obtener o renovar el permiso de operador de grua torre o movil. Servicio \u00e1gil y profesional, cumpliendo con los requisitos legales y de seguridad Reconocimiento m\u00e9dico para operadores de gr\u00faa torre y gr\u00faa m\u00f3vil EN Ilerda Revisiones M\u00e8dicas somos especialistas en las pruebas psicof\u00edsicas [&hellip;]<\/p>\n","protected":false},"author":1,"featured_media":0,"parent":0,"menu_order":0,"comment_status":"closed","ping_status":"closed","template":"","meta":{"inline_featured_image":false,"footnotes":""},"class_list":["post-553","page","type-page","status-publish","hentry"],"_links":{"self":[{"href":"https:\/\/revisionsmediquesilerda.com\/es\/wp-json\/wp\/v2\/pages\/553","targetHints":{"allow":["GET"]}}],"collection":[{"href":"https:\/\/revisionsmediquesilerda.com\/es\/wp-json\/wp\/v2\/pages"}],"about":[{"href":"https:\/\/revisionsmediquesilerda.com\/es\/wp-json\/wp\/v2\/types\/page"}],"author":[{"embeddable":true,"href":"https:\/\/revisionsmediquesilerda.com\/es\/wp-json\/wp\/v2\/users\/1"}],"replies":[{"embeddable":true,"href":"https:\/\/revisionsmediquesilerda.com\/es\/wp-json\/wp\/v2\/comments?post=553"}],"version-history":[{"count":9,"href":"https:\/\/revisionsmediquesilerda.com\/es\/wp-json\/wp\/v2\/pages\/553\/revisions"}],"predecessor-version":[{"id":849,"href":"https:\/\/revisionsmediquesilerda.com\/es\/wp-json\/wp\/v2\/pages\/553\/revisions\/849"}],"wp:attachment":[{"href":"https:\/\/revisionsmediquesilerda.com\/es\/wp-json\/wp\/v2\/media?parent=553"}],"curies":[{"name":"wp","href":"https:\/\/api.w.org\/{rel}","templated":true}]}}