{"id":551,"date":"2025-07-08T16:35:53","date_gmt":"2025-07-08T14:35:53","guid":{"rendered":"https:\/\/revisionsmediquesilerda.com\/licencia-de-embarcaciones-de-recreo\/"},"modified":"2025-09-26T13:02:21","modified_gmt":"2025-09-26T11:02:21","slug":"licencia-de-embarcaciones-de-recreo","status":"publish","type":"page","link":"https:\/\/revisionsmediquesilerda.com\/es\/licencia-de-embarcaciones-de-recreo\/","title":{"rendered":"Licencia de navegaci\u00f3n"},"content":{"rendered":"\t\t<div data-elementor-type=\"wp-page\" data-elementor-id=\"551\" class=\"elementor elementor-551 elementor-451\" data-elementor-post-type=\"page\">\n\t\t\t\t<div class=\"elementor-element elementor-element-f50672d e-flex e-con-boxed e-con e-parent\" data-id=\"f50672d\" data-element_type=\"container\">\n\t\t\t\t\t<div class=\"e-con-inner\">\n\t\t<div class=\"elementor-element elementor-element-532b43a e-con-full e-flex e-con e-child\" data-id=\"532b43a\" data-element_type=\"container\">\n\t\t\t\t<div class=\"elementor-element elementor-element-309cc32 elementor-widget elementor-widget-image\" data-id=\"309cc32\" data-element_type=\"widget\" data-widget_type=\"image.default\">\n\t\t\t\t\t\t\t\t\t\t\t\t\t\t\t<img fetchpriority=\"high\" decoding=\"async\" width=\"800\" height=\"800\" src=\"https:\/\/revisionsmediquesilerda.com\/wp-content\/uploads\/2025\/07\/Recurso-8.svg\" class=\"attachment-large size-large wp-image-531\" alt=\"\" title=\"\">\t\t\t\t\t\t\t\t\t\t\t\t\t\t\t<\/div>\n\t\t\t\t<\/div>\n\t\t<div class=\"elementor-element elementor-element-874a7dc e-con-full e-flex e-con e-child\" data-id=\"874a7dc\" data-element_type=\"container\">\n\t\t\t\t<div class=\"elementor-element elementor-element-db478cd elementor-widget elementor-widget-heading\" data-id=\"db478cd\" data-element_type=\"widget\" data-widget_type=\"heading.default\">\n\t\t\t\t\t<h1 class=\"elementor-heading-title elementor-size-default\">Licencia de navegaci\u00f3n<\/h1>\t\t\t\t<\/div>\n\t\t\t\t<div class=\"elementor-element elementor-element-a92d83e elementor-widget__width-inherit elementor-widget elementor-widget-text-editor\" data-id=\"a92d83e\" data-element_type=\"widget\" data-widget_type=\"text-editor.default\">\n\t\t\t\t\t\t\t\t\t<p>En Ilerda Revisiones M\u00e9dicas realizamos las pruebas m\u00e9dicas y psicof\u00edsicas para obtener o renovar cualquier licencia n\u00e1utica de recreo. Servicio \u00e1gil, completo y autorizado.<\/p>\t\t\t\t\t\t\t\t<\/div>\n\t\t\t\t<\/div>\n\t\t\t\t\t<\/div>\n\t\t\t\t<\/div>\n\t\t<div class=\"elementor-element elementor-element-101619f e-flex e-con-boxed e-con e-parent\" data-id=\"101619f\" data-element_type=\"container\">\n\t\t\t\t\t<div class=\"e-con-inner\">\n\t\t<div class=\"elementor-element elementor-element-cadc3d3 e-con-full e-flex e-con e-child\" data-id=\"cadc3d3\" data-element_type=\"container\" data-settings=\"{&quot;background_background&quot;:&quot;classic&quot;}\">\n\t\t<div class=\"elementor-element elementor-element-e6f8087 e-con-full e-flex e-con e-child\" data-id=\"e6f8087\" data-element_type=\"container\">\n\t\t\t\t<div class=\"elementor-element elementor-element-7177ceb elementor-widget elementor-widget-text-editor\" data-id=\"7177ceb\" data-element_type=\"widget\" data-widget_type=\"text-editor.default\">\n\t\t\t\t\t\t\t\t\t<h2>Reconocimiento m\u00e9dico para licencias de navegaci\u00f3n<\/h2><p>En Ilerda Revisiones M\u00e9dicas realizamos los reconocimientos psicof\u00edsicos necesarios para obtener o renovar cualquier tipo de licencia n\u00e1utica de recreo: Patr\u00f3n de Embarcaciones de Recreo, Patr\u00f3n de Navegaci\u00f3n B\u00e1sica, Patr\u00f3n de Yate, Capit\u00e1n de Yate o Patr\u00f3n de Moto N\u00e1utica (clases C, B y A).<\/p><p>Somos especialistas en evaluaciones m\u00e9dicas para permisos profesionales y de ocio, te ofrecemos un servicio completo y eficiente, siempre ajustado a los requisitos legales y de seguridad exigidos por la normativa mar\u00edtima.<\/p><p>Durante la visita te realizaremos una exploraci\u00f3n m\u00e9dica general \u2013con especial atenci\u00f3n a la visi\u00f3n crom\u00e1tica\u2013 y una valoraci\u00f3n psicol\u00f3gica para verificar tu aptitud para la navegaci\u00f3n.<\/p><p>Con nuestro equipo m\u00e9dico calificado y la atenci\u00f3n personalizada que nos caracteriza, te garantizamos un proceso r\u00e1pido y sencillo para que puedas navegar con total confianza.<\/p>\t\t\t\t\t\t\t\t<\/div>\n\t\t\t\t<div class=\"elementor-element elementor-element-bfb6e65 animated-slow elementor-invisible elementor-widget elementor-widget-heading\" data-id=\"bfb6e65\" data-element_type=\"widget\" data-settings=\"{&quot;_animation&quot;:&quot;fadeIn&quot;}\" data-widget_type=\"heading.default\">\n\t\t\t\t\t<span class=\"elementor-heading-title elementor-size-default\">Atendemos sin cita previa<\/span>\t\t\t\t<\/div>\n\t\t\t\t<\/div>\n\t\t\t\t<\/div>\n\t\t\t\t\t<\/div>\n\t\t\t\t<\/div>\n\t\t<div class=\"elementor-element elementor-element-a3a90db e-flex e-con-boxed e-con e-parent\" data-id=\"a3a90db\" data-element_type=\"container\" data-settings=\"{&quot;background_background&quot;:&quot;classic&quot;}\">\n\t\t\t\t\t<div class=\"e-con-inner\">\n\t\t\t\t<div class=\"elementor-element elementor-element-6c56627 animated-slow elementor-view-default elementor-invisible elementor-widget elementor-widget-icon\" data-id=\"6c56627\" data-element_type=\"widget\" data-settings=\"{&quot;_animation&quot;:&quot;fadeIn&quot;}\" data-widget_type=\"icon.default\">\n\t\t\t\t\t\t\t<div class=\"elementor-icon-wrapper\">\n\t\t\t<div class=\"elementor-icon\">\n\t\t\t<svg aria-hidden=\"true\" class=\"e-font-icon-svg e-fas-parking\" viewBox=\"0 0 448 512\" xmlns=\"http:\/\/www.w3.org\/2000\/svg\"><path d=\"M400 32H48C21.5 32 0 53.5 0 80v352c0 26.5 21.5 48 48 48h352c26.5 0 48-21.5 48-48V80c0-26.5-21.5-48-48-48zM240 320h-48v48c0 8.8-7.2 16-16 16h-32c-8.8 0-16-7.2-16-16V144c0-8.8 7.2-16 16-16h96c52.9 0 96 43.1 96 96s-43.1 96-96 96zm0-128h-48v64h48c17.6 0 32-14.4 32-32s-14.4-32-32-32z\"><\/path><\/svg>\t\t\t<\/div>\n\t\t<\/div>\n\t\t\t\t\t\t<\/div>\n\t\t\t\t<div class=\"elementor-element elementor-element-a66780d animated-slow elementor-invisible elementor-widget elementor-widget-heading\" data-id=\"a66780d\" data-element_type=\"widget\" data-settings=\"{&quot;_animation&quot;:&quot;fadeIn&quot;}\" data-widget_type=\"heading.default\">\n\t\t\t\t\t<span class=\"elementor-heading-title elementor-size-default\">Aparcamiento gratuito<\/span>\t\t\t\t<\/div>\n\t\t\t\t<div class=\"elementor-element elementor-element-fc796a6 animated-slow elementor-invisible elementor-widget elementor-widget-heading\" data-id=\"fc796a6\" data-element_type=\"widget\" data-settings=\"{&quot;_animation&quot;:&quot;fadeIn&quot;}\" data-widget_type=\"heading.default\">\n\t\t\t\t\t<span class=\"elementor-heading-title elementor-size-default\">en el Camp d'Esports<\/span>\t\t\t\t<\/div>\n\t\t\t\t<div class=\"elementor-element elementor-element-4452ec3 animated-slow elementor-invisible elementor-widget elementor-widget-button\" data-id=\"4452ec3\" data-element_type=\"widget\" data-settings=\"{&quot;_animation&quot;:&quot;fadeIn&quot;}\" data-widget_type=\"button.default\">\n\t\t\t\t\t\t\t\t\t\t<a class=\"elementor-button elementor-button-link elementor-size-sm\" href=\"https:\/\/maps.app.goo.gl\/y6fuxYrKCc3df3GH6\" target=\"_blank\" rel=\"noopener\">\n\t\t\t\t\t\t<span class=\"elementor-button-content-wrapper\">\n\t\t\t\t\t\t\t\t\t<span class=\"elementor-button-text\">C\u00f3mo llegar<\/span>\n\t\t\t\t\t<\/span>\n\t\t\t\t\t<\/a>\n\t\t\t\t\t\t\t\t<\/div>\n\t\t\t\t\t<\/div>\n\t\t\t\t<\/div>\n\t\t\t\t<\/div>\n\t\t","protected":false},"excerpt":{"rendered":"<p>En Ilerda Revisiones M\u00e9dicas realizamos las pruebas m\u00e9dicas y psicof\u00edsicas para obtener o renovar cualquier licencia n\u00e1utica de recreo. Servicio \u00e1gil, completo y autorizado. Reconocimiento m\u00e9dico para licencias de navegaci\u00f3n En Ilerda Revisiones M\u00e9dicas realizamos los reconocimientos psicof\u00edsicos necesarios para obtener o renovar cualquier tipo de licencia n\u00e1utica de recreo: Patr\u00f3n de Embarcaciones de Recreo, [&hellip;]<\/p>\n","protected":false},"author":1,"featured_media":0,"parent":0,"menu_order":0,"comment_status":"closed","ping_status":"closed","template":"","meta":{"inline_featured_image":false,"footnotes":""},"class_list":["post-551","page","type-page","status-publish","hentry"],"_links":{"self":[{"href":"https:\/\/revisionsmediquesilerda.com\/es\/wp-json\/wp\/v2\/pages\/551","targetHints":{"allow":["GET"]}}],"collection":[{"href":"https:\/\/revisionsmediquesilerda.com\/es\/wp-json\/wp\/v2\/pages"}],"about":[{"href":"https:\/\/revisionsmediquesilerda.com\/es\/wp-json\/wp\/v2\/types\/page"}],"author":[{"embeddable":true,"href":"https:\/\/revisionsmediquesilerda.com\/es\/wp-json\/wp\/v2\/users\/1"}],"replies":[{"embeddable":true,"href":"https:\/\/revisionsmediquesilerda.com\/es\/wp-json\/wp\/v2\/comments?post=551"}],"version-history":[{"count":10,"href":"https:\/\/revisionsmediquesilerda.com\/es\/wp-json\/wp\/v2\/pages\/551\/revisions"}],"predecessor-version":[{"id":854,"href":"https:\/\/revisionsmediquesilerda.com\/es\/wp-json\/wp\/v2\/pages\/551\/revisions\/854"}],"wp:attachment":[{"href":"https:\/\/revisionsmediquesilerda.com\/es\/wp-json\/wp\/v2\/media?parent=551"}],"curies":[{"name":"wp","href":"https:\/\/api.w.org\/{rel}","templated":true}]}}