{"id":545,"date":"2025-07-08T10:35:03","date_gmt":"2025-07-08T08:35:03","guid":{"rendered":"https:\/\/revisionsmediquesilerda.com\/inicio\/"},"modified":"2025-09-26T12:25:30","modified_gmt":"2025-09-26T10:25:30","slug":"inicio","status":"publish","type":"page","link":"https:\/\/revisionsmediquesilerda.com\/es\/","title":{"rendered":"Centro de reconocimientos m\u00e9dicos en Lleida"},"content":{"rendered":"\t\t<div data-elementor-type=\"wp-page\" data-elementor-id=\"545\" class=\"elementor elementor-545 elementor-2\" data-elementor-post-type=\"page\">\n\t\t\t\t<div class=\"elementor-element elementor-element-8855d8c e-flex e-con-boxed e-con e-parent\" data-id=\"8855d8c\" data-element_type=\"container\" data-settings=\"{&quot;background_background&quot;:&quot;classic&quot;}\">\n\t\t\t\t\t<div class=\"e-con-inner\">\n\t\t\t\t<div class=\"elementor-element elementor-element-7d4e563 animated-slow elementor-invisible elementor-widget elementor-widget-heading\" data-id=\"7d4e563\" data-element_type=\"widget\" data-settings=\"{&quot;_animation&quot;:&quot;fadeInUp&quot;}\" data-widget_type=\"heading.default\">\n\t\t\t\t\t<h1 class=\"elementor-heading-title elementor-size-default\">Obtiene o Renueva tu<br>carnet o licencia en Lleida<\/h1>\t\t\t\t<\/div>\n\t\t\t\t<div class=\"elementor-element elementor-element-b56b6c6 animated-slow elementor-widget-divider--view-line elementor-invisible elementor-widget elementor-widget-divider\" data-id=\"b56b6c6\" data-element_type=\"widget\" data-settings=\"{&quot;_animation&quot;:&quot;fadeIn&quot;,&quot;_animation_delay&quot;:800}\" data-widget_type=\"divider.default\">\n\t\t\t\t\t\t\t<div class=\"elementor-divider\">\n\t\t\t<span class=\"elementor-divider-separator\">\n\t\t\t\t\t\t<\/span>\n\t\t<\/div>\n\t\t\t\t\t\t<\/div>\n\t\t\t\t<div class=\"elementor-element elementor-element-f50be9a animated-slow elementor-invisible elementor-widget elementor-widget-heading\" data-id=\"f50be9a\" data-element_type=\"widget\" data-settings=\"{&quot;_animation&quot;:&quot;fadeInUp&quot;}\" data-widget_type=\"heading.default\">\n\t\t\t\t\t<span class=\"elementor-heading-title elementor-size-default\">sin cita previa<\/span>\t\t\t\t<\/div>\n\t\t\t\t\t<\/div>\n\t\t\t\t<\/div>\n\t\t<div class=\"elementor-element elementor-element-240fa2a e-flex e-con-boxed e-con e-parent\" data-id=\"240fa2a\" data-element_type=\"container\" data-settings=\"{&quot;background_background&quot;:&quot;classic&quot;}\">\n\t\t\t\t\t<div class=\"e-con-inner\">\n\t\t\t\t<div class=\"elementor-element elementor-element-432476e animated-slow elementor-view-default elementor-invisible elementor-widget elementor-widget-icon\" data-id=\"432476e\" data-element_type=\"widget\" data-settings=\"{&quot;_animation&quot;:&quot;fadeIn&quot;}\" data-widget_type=\"icon.default\">\n\t\t\t\t\t\t\t<div class=\"elementor-icon-wrapper\">\n\t\t\t<div class=\"elementor-icon\">\n\t\t\t<svg aria-hidden=\"true\" class=\"e-font-icon-svg e-fas-parking\" viewBox=\"0 0 448 512\" xmlns=\"http:\/\/www.w3.org\/2000\/svg\"><path d=\"M400 32H48C21.5 32 0 53.5 0 80v352c0 26.5 21.5 48 48 48h352c26.5 0 48-21.5 48-48V80c0-26.5-21.5-48-48-48zM240 320h-48v48c0 8.8-7.2 16-16 16h-32c-8.8 0-16-7.2-16-16V144c0-8.8 7.2-16 16-16h96c52.9 0 96 43.1 96 96s-43.1 96-96 96zm0-128h-48v64h48c17.6 0 32-14.4 32-32s-14.4-32-32-32z\"><\/path><\/svg>\t\t\t<\/div>\n\t\t<\/div>\n\t\t\t\t\t\t<\/div>\n\t\t\t\t<div class=\"elementor-element elementor-element-e58447a animated-slow elementor-invisible elementor-widget elementor-widget-heading\" data-id=\"e58447a\" data-element_type=\"widget\" data-settings=\"{&quot;_animation&quot;:&quot;fadeIn&quot;}\" data-widget_type=\"heading.default\">\n\t\t\t\t\t<span class=\"elementor-heading-title elementor-size-default\">Aparcamiento gratuito<\/span>\t\t\t\t<\/div>\n\t\t\t\t<div class=\"elementor-element elementor-element-6c3499f animated-slow elementor-invisible elementor-widget elementor-widget-heading\" data-id=\"6c3499f\" data-element_type=\"widget\" data-settings=\"{&quot;_animation&quot;:&quot;fadeIn&quot;}\" data-widget_type=\"heading.default\">\n\t\t\t\t\t<span class=\"elementor-heading-title elementor-size-default\">en el Camp d'Esports<\/span>\t\t\t\t<\/div>\n\t\t\t\t<div class=\"elementor-element elementor-element-393d3a1 animated-slow elementor-invisible elementor-widget elementor-widget-button\" data-id=\"393d3a1\" data-element_type=\"widget\" data-settings=\"{&quot;_animation&quot;:&quot;fadeIn&quot;}\" data-widget_type=\"button.default\">\n\t\t\t\t\t\t\t\t\t\t<a class=\"elementor-button elementor-button-link elementor-size-sm\" href=\"https:\/\/maps.app.goo.gl\/y6fuxYrKCc3df3GH6\" target=\"_blank\" rel=\"noopener\">\n\t\t\t\t\t\t<span class=\"elementor-button-content-wrapper\">\n\t\t\t\t\t\t\t\t\t<span class=\"elementor-button-text\">C\u00f3mo llegar<\/span>\n\t\t\t\t\t<\/span>\n\t\t\t\t\t<\/a>\n\t\t\t\t\t\t\t\t<\/div>\n\t\t\t\t\t<\/div>\n\t\t\t\t<\/div>\n\t\t<div class=\"elementor-element elementor-element-22c8a51 e-flex e-con-boxed e-con e-parent\" data-id=\"22c8a51\" data-element_type=\"container\" data-settings=\"{&quot;background_background&quot;:&quot;gradient&quot;}\">\n\t\t\t\t\t<div class=\"e-con-inner\">\n\t\t\t\t<div class=\"elementor-element elementor-element-64ad668 animated-slow elementor-invisible elementor-widget elementor-widget-heading\" data-id=\"64ad668\" data-element_type=\"widget\" data-settings=\"{&quot;_animation&quot;:&quot;fadeInUp&quot;}\" data-widget_type=\"heading.default\">\n\t\t\t\t\t<span class=\"elementor-heading-title elementor-size-default\">Obtenci\u00f3n o renovaci\u00f3n de:<\/span>\t\t\t\t<\/div>\n\t\t<div class=\"elementor-element elementor-element-ca73036 e-grid e-con-full e-con e-child\" data-id=\"ca73036\" data-element_type=\"container\" id=\"serveis\">\n\t\t<div class=\"elementor-element elementor-element-d315c06 e-con-full e-flex e-con e-child\" data-id=\"d315c06\" data-element_type=\"container\">\n\t\t\t\t<div class=\"elementor-element elementor-element-1b0962c animated-slow elementor-invisible elementor-widget elementor-widget-image\" data-id=\"1b0962c\" data-element_type=\"widget\" data-settings=\"{&quot;_animation&quot;:&quot;fadeIn&quot;}\" data-widget_type=\"image.default\">\n\t\t\t\t\t\t\t\t\t\t\t\t\t\t\t\t<a href=\"https:\/\/revisionsmediquesilerda.com\/renovacio-carnet-de-conduir\/\">\n\t\t\t\t\t\t\t<img fetchpriority=\"high\" decoding=\"async\" width=\"800\" height=\"800\" src=\"https:\/\/revisionsmediquesilerda.com\/wp-content\/uploads\/2025\/07\/conduccio.svg\" class=\"attachment-large size-large wp-image-526\" alt=\"\" title=\"\">\t\t\t\t\t\t\t\t<\/a>\n\t\t\t\t\t\t\t\t\t\t\t\t\t\t\t<\/div>\n\t\t\t\t<div class=\"elementor-element elementor-element-bcca492 elementor-widget elementor-widget-heading\" data-id=\"bcca492\" data-element_type=\"widget\" data-widget_type=\"heading.default\">\n\t\t\t\t\t<h2 class=\"elementor-heading-title elementor-size-default\">Renovaci\u00f3n carnet de conducir a lleida<\/h2>\t\t\t\t<\/div>\n\t\t\t\t<\/div>\n\t\t<div class=\"elementor-element elementor-element-575548d e-con-full e-flex e-con e-child\" data-id=\"575548d\" data-element_type=\"container\">\n\t\t\t\t<div class=\"elementor-element elementor-element-dead16a animated-slow elementor-invisible elementor-widget elementor-widget-image\" data-id=\"dead16a\" data-element_type=\"widget\" data-settings=\"{&quot;_animation&quot;:&quot;fadeIn&quot;}\" data-widget_type=\"image.default\">\n\t\t\t\t\t\t\t\t\t\t\t\t\t\t\t\t<a href=\"https:\/\/revisionsmediquesilerda.com\/renovacio-llicencia-darmes\/\">\n\t\t\t\t\t\t\t<img decoding=\"async\" width=\"800\" height=\"800\" src=\"https:\/\/revisionsmediquesilerda.com\/wp-content\/uploads\/2025\/07\/Recurso-3.svg\" class=\"attachment-large size-large wp-image-528\" alt=\"\" title=\"\">\t\t\t\t\t\t\t\t<\/a>\n\t\t\t\t\t\t\t\t\t\t\t\t\t\t\t<\/div>\n\t\t\t\t<div class=\"elementor-element elementor-element-0c7b92e elementor-widget elementor-widget-heading\" data-id=\"0c7b92e\" data-element_type=\"widget\" data-widget_type=\"heading.default\">\n\t\t\t\t\t<h2 class=\"elementor-heading-title elementor-size-default\">Renovaci\u00f3n licencia de armas en Lleida<\/h2>\t\t\t\t<\/div>\n\t\t\t\t<\/div>\n\t\t<div class=\"elementor-element elementor-element-dc81e55 e-con-full e-flex e-con e-child\" data-id=\"dc81e55\" data-element_type=\"container\">\n\t\t\t\t<div class=\"elementor-element elementor-element-38e1efb animated-slow elementor-invisible elementor-widget elementor-widget-image\" data-id=\"38e1efb\" data-element_type=\"widget\" data-settings=\"{&quot;_animation&quot;:&quot;fadeIn&quot;}\" data-widget_type=\"image.default\">\n\t\t\t\t\t\t\t\t\t\t\t\t\t\t\t\t<a href=\"https:\/\/revisionsmediquesilerda.com\/llicencia-de-gossos-perillosos\/\">\n\t\t\t\t\t\t\t<img decoding=\"async\" width=\"800\" height=\"800\" src=\"https:\/\/revisionsmediquesilerda.com\/wp-content\/uploads\/2025\/07\/Recurso-7.svg\" class=\"attachment-large size-large wp-image-530\" alt=\"\" title=\"\">\t\t\t\t\t\t\t\t<\/a>\n\t\t\t\t\t\t\t\t\t\t\t\t\t\t\t<\/div>\n\t\t\t\t<div class=\"elementor-element elementor-element-b68d7a3 elementor-widget elementor-widget-heading\" data-id=\"b68d7a3\" data-element_type=\"widget\" data-widget_type=\"heading.default\">\n\t\t\t\t\t<h2 class=\"elementor-heading-title elementor-size-default\">Renovaci\u00f3n licencia perros peligrosos en Lleida<\/h2>\t\t\t\t<\/div>\n\t\t\t\t<\/div>\n\t\t<div class=\"elementor-element elementor-element-aa40f26 e-con-full e-flex e-con e-child\" data-id=\"aa40f26\" data-element_type=\"container\">\n\t\t\t\t<div class=\"elementor-element elementor-element-799213b animated-slow elementor-invisible elementor-widget elementor-widget-image\" data-id=\"799213b\" data-element_type=\"widget\" data-settings=\"{&quot;_animation&quot;:&quot;fadeIn&quot;}\" data-widget_type=\"image.default\">\n\t\t\t\t\t\t\t\t\t\t\t\t\t\t\t\t<a href=\"https:\/\/revisionsmediquesilerda.com\/certificat-per-seguretat-privada\/\">\n\t\t\t\t\t\t\t<img loading=\"lazy\" decoding=\"async\" width=\"800\" height=\"800\" src=\"https:\/\/revisionsmediquesilerda.com\/wp-content\/uploads\/2025\/07\/Recurso-6.svg\" class=\"attachment-large size-large wp-image-529\" alt=\"\" title=\"\">\t\t\t\t\t\t\t\t<\/a>\n\t\t\t\t\t\t\t\t\t\t\t\t\t\t\t<\/div>\n\t\t\t\t<div class=\"elementor-element elementor-element-1a1c7e2 elementor-widget elementor-widget-heading\" data-id=\"1a1c7e2\" data-element_type=\"widget\" data-widget_type=\"heading.default\">\n\t\t\t\t\t<h2 class=\"elementor-heading-title elementor-size-default\">Renovaci\u00f3n licencia seguridad privada en Lleida<\/h2>\t\t\t\t<\/div>\n\t\t\t\t<\/div>\n\t\t<div class=\"elementor-element elementor-element-93d9a5e e-con-full e-flex e-con e-child\" data-id=\"93d9a5e\" data-element_type=\"container\">\n\t\t\t\t<div class=\"elementor-element elementor-element-dd2ba6d animated-slow elementor-invisible elementor-widget elementor-widget-image\" data-id=\"dd2ba6d\" data-element_type=\"widget\" data-settings=\"{&quot;_animation&quot;:&quot;fadeIn&quot;}\" data-widget_type=\"image.default\">\n\t\t\t\t\t\t\t\t\t\t\t\t\t\t\t\t<a href=\"https:\/\/revisionsmediquesilerda.com\/permis-doperari-de-grues\/\">\n\t\t\t\t\t\t\t<img loading=\"lazy\" decoding=\"async\" width=\"800\" height=\"800\" src=\"https:\/\/revisionsmediquesilerda.com\/wp-content\/uploads\/2025\/07\/Recurso-2.svg\" class=\"attachment-large size-large wp-image-527\" alt=\"\" title=\"\">\t\t\t\t\t\t\t\t<\/a>\n\t\t\t\t\t\t\t\t\t\t\t\t\t\t\t<\/div>\n\t\t\t\t<div class=\"elementor-element elementor-element-97aa9ee elementor-widget elementor-widget-heading\" data-id=\"97aa9ee\" data-element_type=\"widget\" data-widget_type=\"heading.default\">\n\t\t\t\t\t<h2 class=\"elementor-heading-title elementor-size-default\">Renovaci\u00f3n licencia de gr\u00faas en Lleida<\/h2>\t\t\t\t<\/div>\n\t\t\t\t<\/div>\n\t\t<div class=\"elementor-element elementor-element-aaa1eb5 e-con-full e-flex e-con e-child\" data-id=\"aaa1eb5\" data-element_type=\"container\">\n\t\t\t\t<div class=\"elementor-element elementor-element-993e7c8 animated-slow elementor-invisible elementor-widget elementor-widget-image\" data-id=\"993e7c8\" data-element_type=\"widget\" data-settings=\"{&quot;_animation&quot;:&quot;fadeIn&quot;}\" data-widget_type=\"image.default\">\n\t\t\t\t\t\t\t\t\t\t\t\t\t\t\t\t<a href=\"https:\/\/revisionsmediquesilerda.com\/llicencia-de-navegacio\/\">\n\t\t\t\t\t\t\t<img loading=\"lazy\" decoding=\"async\" width=\"800\" height=\"800\" src=\"https:\/\/revisionsmediquesilerda.com\/wp-content\/uploads\/2025\/07\/Recurso-8.svg\" class=\"attachment-large size-large wp-image-531\" alt=\"\" title=\"\">\t\t\t\t\t\t\t\t<\/a>\n\t\t\t\t\t\t\t\t\t\t\t\t\t\t\t<\/div>\n\t\t\t\t<div class=\"elementor-element elementor-element-380737a elementor-widget elementor-widget-heading\" data-id=\"380737a\" data-element_type=\"widget\" data-widget_type=\"heading.default\">\n\t\t\t\t\t<h2 class=\"elementor-heading-title elementor-size-default\">Renovaci\u00f3n licencia de embarcaciones en Lleida<\/h2>\t\t\t\t<\/div>\n\t\t\t\t<\/div>\n\t\t\t\t<\/div>\n\t\t<div class=\"elementor-element elementor-element-e8f9348 e-con-full e-flex e-con e-child\" data-id=\"e8f9348\" data-element_type=\"container\">\n\t\t\t\t<div class=\"elementor-element elementor-element-22b426a animated-slow elementor-invisible elementor-widget elementor-widget-heading\" data-id=\"22b426a\" data-element_type=\"widget\" data-settings=\"{&quot;_animation&quot;:&quot;fadeInUp&quot;}\" data-widget_type=\"heading.default\">\n\t\t\t\t\t<h2 class=\"elementor-heading-title elementor-size-default\">Para obtener o renovar tu carnet o licencia necesitar\u00e1s:<\/h2>\t\t\t\t<\/div>\n\t\t\t\t<div class=\"elementor-element elementor-element-7276133 animated-slow elementor-invisible elementor-widget elementor-widget-text-editor\" data-id=\"7276133\" data-element_type=\"widget\" data-settings=\"{&quot;_animation&quot;:&quot;fadeInUp&quot;}\" data-widget_type=\"text-editor.default\">\n\t\t\t\t\t\t\t\t\t<p>Para realizar el informe m\u00e9dico para la renovaci\u00f3n, debe l<strong>levarse el carnet de conducir y el dni.<\/strong><\/p><p>Para realizar el informe m\u00e9dico para la obtenci\u00f3n del carnet de conducir, <strong>s\u00f3lo es necesario llevar el DNI.<\/strong><\/p><p>Nosotros nos encargamos de realizar la revisi\u00f3n m\u00e9dica y la fotograf\u00eda para el informe a presentar a la Direcci\u00f3n General de Tr\u00e1fico.<\/p>\t\t\t\t\t\t\t\t<\/div>\n\t\t\t\t<\/div>\n\t\t<div class=\"elementor-element elementor-element-de36c47 e-con-full e-flex e-con e-child\" data-id=\"de36c47\" data-element_type=\"container\">\n\t\t\t\t<div class=\"elementor-element elementor-element-520c961 animated-slow elementor-invisible elementor-widget elementor-widget-image\" data-id=\"520c961\" data-element_type=\"widget\" data-settings=\"{&quot;_animation&quot;:&quot;fadeIn&quot;,&quot;_animation_delay&quot;:500}\" data-widget_type=\"image.default\">\n\t\t\t\t\t\t\t\t\t\t\t\t\t\t\t<img loading=\"lazy\" decoding=\"async\" width=\"800\" height=\"800\" src=\"https:\/\/revisionsmediquesilerda.com\/wp-content\/uploads\/2025\/07\/anagrama.svg\" class=\"attachment-large size-large wp-image-522\" alt=\"\" title=\"\">\t\t\t\t\t\t\t\t\t\t\t\t\t\t\t<\/div>\n\t\t\t\t<div class=\"elementor-element elementor-element-abc787a elementor-widget__width-initial animated-slow elementor-invisible elementor-widget elementor-widget-text-editor\" data-id=\"abc787a\" data-element_type=\"widget\" data-settings=\"{&quot;_animation&quot;:&quot;fadeInUp&quot;,&quot;_animation_delay&quot;:500}\" data-widget_type=\"text-editor.default\">\n\t\t\t\t\t\t\t\t\t<p><strong>Revisions M\u00e8diques Ilerda<\/strong> es un centro de reconocimientos m\u00e9dicos especializado en la realizaci\u00f3 de revisiones m\u00e9dicas para la <strong>obtenci\u00f3n y renovaci\u00f3n del carnet de conducir<\/strong> y otros permisos oficiales como <strong>licencias de armas<\/strong>, <strong>seguridad privada<\/strong>, <strong>tenencia de animales potencialmente peligrosos<\/strong>, <strong>patr\u00f3n de embarcaciones<\/strong>, <strong>operador de gr\u00faa<\/strong> y <strong>cambio del permiso de conducir<\/strong>.<\/p>\n<p>Desde <strong>1982, somos el primer centro de este tipo en la provincia de Lleida<\/strong> . A lo largo de estos a\u00f1os, nos hemos consolidado como <strong>un referente en el sector<\/strong> , ofreciendo un servicio <strong>eficiente y de calidad.<\/strong> <\/p>\n<p>Gracias a nuestro equipo de profesionales altamente cualificados, podemos apostar por<strong>  un modelo de atenci\u00f3n inmediata: no es necesario pedir cita previa, le atenderemos al momento y sin esperas. No hace falta que lleve fotograf\u00edas,   <\/strong>la hacemos en el mismo centro. Adem\u00e1s, <strong>gestionaremos de forma gratuita todos los tr\u00e1mites necesarios con la Jefatura de Tr\u00e1fico (DGT).<\/strong> <\/p>\n<p>Nos encontrar\u00e1 justo en la esquina frente a la Jefatura Provincial de Tr\u00e1fico de Lleida (DGT), junto a una amplia zona de aparcamiento gratuito<strong>.<\/strong> <\/p>\n<p><strong>Conf\u00eda en nuestra experiencia.  <\/strong><\/p>\n<p><strong>Ven cuando quieras. Te atenderemos en el momento de forma \u00e1gil y profesional. <\/strong><\/p>\t\t\t\t\t\t\t\t<\/div>\n\t\t\t\t<\/div>\n\t\t\t\t\t<\/div>\n\t\t\t\t<\/div>\n\t\t<div class=\"elementor-element elementor-element-1784adc e-flex e-con-boxed e-con e-parent\" data-id=\"1784adc\" data-element_type=\"container\" data-settings=\"{&quot;background_background&quot;:&quot;classic&quot;}\">\n\t\t\t\t\t<div class=\"e-con-inner\">\n\t\t\t\t<div class=\"elementor-element elementor-element-6fa4b9d animated-slow elementor-view-default elementor-invisible elementor-widget elementor-widget-icon\" data-id=\"6fa4b9d\" data-element_type=\"widget\" data-settings=\"{&quot;_animation&quot;:&quot;fadeIn&quot;}\" data-widget_type=\"icon.default\">\n\t\t\t\t\t\t\t<div class=\"elementor-icon-wrapper\">\n\t\t\t<div class=\"elementor-icon\">\n\t\t\t<svg aria-hidden=\"true\" class=\"e-font-icon-svg e-far-calendar-alt\" viewBox=\"0 0 448 512\" xmlns=\"http:\/\/www.w3.org\/2000\/svg\"><path d=\"M148 288h-40c-6.6 0-12-5.4-12-12v-40c0-6.6 5.4-12 12-12h40c6.6 0 12 5.4 12 12v40c0 6.6-5.4 12-12 12zm108-12v-40c0-6.6-5.4-12-12-12h-40c-6.6 0-12 5.4-12 12v40c0 6.6 5.4 12 12 12h40c6.6 0 12-5.4 12-12zm96 0v-40c0-6.6-5.4-12-12-12h-40c-6.6 0-12 5.4-12 12v40c0 6.6 5.4 12 12 12h40c6.6 0 12-5.4 12-12zm-96 96v-40c0-6.6-5.4-12-12-12h-40c-6.6 0-12 5.4-12 12v40c0 6.6 5.4 12 12 12h40c6.6 0 12-5.4 12-12zm-96 0v-40c0-6.6-5.4-12-12-12h-40c-6.6 0-12 5.4-12 12v40c0 6.6 5.4 12 12 12h40c6.6 0 12-5.4 12-12zm192 0v-40c0-6.6-5.4-12-12-12h-40c-6.6 0-12 5.4-12 12v40c0 6.6 5.4 12 12 12h40c6.6 0 12-5.4 12-12zm96-260v352c0 26.5-21.5 48-48 48H48c-26.5 0-48-21.5-48-48V112c0-26.5 21.5-48 48-48h48V12c0-6.6 5.4-12 12-12h40c6.6 0 12 5.4 12 12v52h128V12c0-6.6 5.4-12 12-12h40c6.6 0 12 5.4 12 12v52h48c26.5 0 48 21.5 48 48zm-48 346V160H48v298c0 3.3 2.7 6 6 6h340c3.3 0 6-2.7 6-6z\"><\/path><\/svg>\t\t\t<\/div>\n\t\t<\/div>\n\t\t\t\t\t\t<\/div>\n\t\t\t\t<div class=\"elementor-element elementor-element-f875db0 animated-slow elementor-invisible elementor-widget elementor-widget-heading\" data-id=\"f875db0\" data-element_type=\"widget\" data-settings=\"{&quot;_animation&quot;:&quot;fadeIn&quot;}\" data-widget_type=\"heading.default\">\n\t\t\t\t\t<span class=\"elementor-heading-title elementor-size-default\">Atendemos sin cita previa<\/span>\t\t\t\t<\/div>\n\t\t\t\t<div class=\"elementor-element elementor-element-cb17669 animated-slow elementor-invisible elementor-widget elementor-widget-button\" data-id=\"cb17669\" data-element_type=\"widget\" data-settings=\"{&quot;_animation&quot;:&quot;fadeIn&quot;}\" data-widget_type=\"button.default\">\n\t\t\t\t\t\t\t\t\t\t<a class=\"elementor-button elementor-button-link elementor-size-sm\" href=\"https:\/\/maps.app.goo.gl\/y6fuxYrKCc3df3GH6\" target=\"_blank\" rel=\"noopener\">\n\t\t\t\t\t\t<span class=\"elementor-button-content-wrapper\">\n\t\t\t\t\t\t<span class=\"elementor-button-icon\">\n\t\t\t\t<svg aria-hidden=\"true\" class=\"e-font-icon-svg e-fas-car\" viewBox=\"0 0 512 512\" xmlns=\"http:\/\/www.w3.org\/2000\/svg\"><path d=\"M499.99 176h-59.87l-16.64-41.6C406.38 91.63 365.57 64 319.5 64h-127c-46.06 0-86.88 27.63-103.99 70.4L71.87 176H12.01C4.2 176-1.53 183.34.37 190.91l6 24C7.7 220.25 12.5 224 18.01 224h20.07C24.65 235.73 16 252.78 16 272v48c0 16.12 6.16 30.67 16 41.93V416c0 17.67 14.33 32 32 32h32c17.67 0 32-14.33 32-32v-32h256v32c0 17.67 14.33 32 32 32h32c17.67 0 32-14.33 32-32v-54.07c9.84-11.25 16-25.8 16-41.93v-48c0-19.22-8.65-36.27-22.07-48H494c5.51 0 10.31-3.75 11.64-9.09l6-24c1.89-7.57-3.84-14.91-11.65-14.91zm-352.06-17.83c7.29-18.22 24.94-30.17 44.57-30.17h127c19.63 0 37.28 11.95 44.57 30.17L384 208H128l19.93-49.83zM96 319.8c-19.2 0-32-12.76-32-31.9S76.8 256 96 256s48 28.71 48 47.85-28.8 15.95-48 15.95zm320 0c-19.2 0-48 3.19-48-15.95S396.8 256 416 256s32 12.76 32 31.9-12.8 31.9-32 31.9z\"><\/path><\/svg>\t\t\t<\/span>\n\t\t\t\t\t\t\t\t\t<span class=\"elementor-button-text\">C\u00f3mo llegar<\/span>\n\t\t\t\t\t<\/span>\n\t\t\t\t\t<\/a>\n\t\t\t\t\t\t\t\t<\/div>\n\t\t\t\t<div class=\"elementor-element elementor-element-5c1bd8a elementor-tablet-align-center animated-slow elementor-invisible elementor-widget elementor-widget-button\" data-id=\"5c1bd8a\" data-element_type=\"widget\" data-settings=\"{&quot;_animation&quot;:&quot;fadeIn&quot;}\" data-widget_type=\"button.default\">\n\t\t\t\t\t\t\t\t\t\t<a class=\"elementor-button elementor-button-link elementor-size-sm\" href=\"tel:+34973269813\">\n\t\t\t\t\t\t<span class=\"elementor-button-content-wrapper\">\n\t\t\t\t\t\t<span class=\"elementor-button-icon\">\n\t\t\t\t<svg aria-hidden=\"true\" class=\"e-font-icon-svg e-fas-mobile-alt\" viewBox=\"0 0 320 512\" xmlns=\"http:\/\/www.w3.org\/2000\/svg\"><path d=\"M272 0H48C21.5 0 0 21.5 0 48v416c0 26.5 21.5 48 48 48h224c26.5 0 48-21.5 48-48V48c0-26.5-21.5-48-48-48zM160 480c-17.7 0-32-14.3-32-32s14.3-32 32-32 32 14.3 32 32-14.3 32-32 32zm112-108c0 6.6-5.4 12-12 12H60c-6.6 0-12-5.4-12-12V60c0-6.6 5.4-12 12-12h200c6.6 0 12 5.4 12 12v312z\"><\/path><\/svg>\t\t\t<\/span>\n\t\t\t\t\t\t\t\t\t<span class=\"elementor-button-text\">Llamar ahora<\/span>\n\t\t\t\t\t<\/span>\n\t\t\t\t\t<\/a>\n\t\t\t\t\t\t\t\t<\/div>\n\t\t\t\t\t<\/div>\n\t\t\t\t<\/div>\n\t\t\t\t<\/div>\n\t\t","protected":false},"excerpt":{"rendered":"<p>Obtiene o Renueva tucarnet o licencia en Lleida sin cita previa Aparcamiento gratuito en el Camp d&#8217;Esports C\u00f3mo llegar Obtenci\u00f3n o renovaci\u00f3n de: Renovaci\u00f3n carnet de conducir a lleida Renovaci\u00f3n licencia de armas en Lleida Renovaci\u00f3n licencia perros peligrosos en Lleida Renovaci\u00f3n licencia seguridad privada en Lleida Renovaci\u00f3n licencia de gr\u00faas en Lleida Renovaci\u00f3n licencia [&hellip;]<\/p>\n","protected":false},"author":1,"featured_media":0,"parent":0,"menu_order":0,"comment_status":"closed","ping_status":"closed","template":"","meta":{"inline_featured_image":false,"footnotes":""},"class_list":["post-545","page","type-page","status-publish","hentry"],"_links":{"self":[{"href":"https:\/\/revisionsmediquesilerda.com\/es\/wp-json\/wp\/v2\/pages\/545","targetHints":{"allow":["GET"]}}],"collection":[{"href":"https:\/\/revisionsmediquesilerda.com\/es\/wp-json\/wp\/v2\/pages"}],"about":[{"href":"https:\/\/revisionsmediquesilerda.com\/es\/wp-json\/wp\/v2\/types\/page"}],"author":[{"embeddable":true,"href":"https:\/\/revisionsmediquesilerda.com\/es\/wp-json\/wp\/v2\/users\/1"}],"replies":[{"embeddable":true,"href":"https:\/\/revisionsmediquesilerda.com\/es\/wp-json\/wp\/v2\/comments?post=545"}],"version-history":[{"count":14,"href":"https:\/\/revisionsmediquesilerda.com\/es\/wp-json\/wp\/v2\/pages\/545\/revisions"}],"predecessor-version":[{"id":805,"href":"https:\/\/revisionsmediquesilerda.com\/es\/wp-json\/wp\/v2\/pages\/545\/revisions\/805"}],"wp:attachment":[{"href":"https:\/\/revisionsmediquesilerda.com\/es\/wp-json\/wp\/v2\/media?parent=545"}],"curies":[{"name":"wp","href":"https:\/\/api.w.org\/{rel}","templated":true}]}}